{"id":73,"date":"2026-03-17T20:30:23","date_gmt":"2026-03-17T20:30:23","guid":{"rendered":"https:\/\/dshs-herzsportgruppe.de\/?page_id=73"},"modified":"2026-04-18T19:01:37","modified_gmt":"2026-04-18T19:01:37","slug":"aerztliche-betreuung-fuer-unsere-herzsportgruppen-gesucht","status":"publish","type":"page","link":"https:\/\/dshs-herzsportgruppe.de\/?page_id=73","title":{"rendered":"\u00c4rztliche Betreuung f\u00fcr unsere Reha-Herzsportgruppen gesucht!"},"content":{"rendered":"\n<p><\/p>\n\n\n\n<p>In unseren Reha-Herzsportgruppen der Deutschen Sporthochschule ist grunds\u00e4tzlich die st\u00e4ndige, pers\u00f6nliche Anwesenheit eines betreuenden Arztes bzw. einer \u00c4rztin w\u00e4hrend der \u00dcbungsveranstaltungen zwingend erforderlich.&nbsp;<\/p>\n\n\n\n<p><strong><span style=\"text-decoration: underline;\">Dein Profil lt. <a href=\"https:\/\/www.bar-frankfurt.de\/index.html\">BAR<\/a> (Bundesarbeitsgemeinschaft f\u00fcr Rehabilitation):<\/span><\/strong><\/p>\n\n\n\n<ul class=\"wp-block-list\">\n<li>approbierter Arzt\/ \u00c4rztin<\/li>\n\n\n\n<li>Notfallmanagement: sicherer Umgang mit dem Defibrillator (AED) und Beherrschung von\u00a0Reanimationsma\u00dfnahmen<\/li>\n\n\n\n<li>Notfallrucksack und\u00a0Defibrillator werden von uns gestellt<\/li>\n\n\n\n<li>Fachwissen: Kenntnisse in Kardiologie und sportmedizinischen Grundlagen&nbsp;<\/li>\n\n\n\n<li><\/li>\n<\/ul>\n\n\n\n<p><\/p>\n\n\n\n<p><strong><span style=\"text-decoration: underline;\">Deine Aufgaben sind unter Anderem:<\/span><\/strong><\/p>\n\n\n\n<ul class=\"wp-block-list\">\n<li>sich \u00fcber die aktuellen Untersuchungsbefunde der Teilnehmenden zu informieren<\/li>\n\n\n\n<li>zu Beginn jeder \u00dcbungsveranstaltung die Belastbarkeit durch Befragung festzustellen<\/li>\n\n\n\n<li>w\u00e4hrend der \u00dcbungen die Teilnehmenden zu \u00fcberwachen<\/li>\n\n\n\n<li>den medizinischen und psychosozialen Betreuungs- und Beratungsbedarf einschlie\u00dflich der Vermittlung von regelm\u00e4\u00dfigen gesundheitsrelevanten Informationen z. B. zur Medikation sowie zum Risikofaktorenmanagement und zu Gesundheitsbildungsma\u00dfnahmen in einem geeigneten Rahmen sicherzustellen<\/li>\n\n\n\n<li>die bedarfsabh\u00e4ngige Kontaktaufnahme mit den verordnenden \u00c4rztinnen und \u00c4rzten zum verbesserten Informationsaustausch zu gew\u00e4hrleisten<\/li>\n\n\n\n<li>die abgestimmten Belastungsvorgaben einschlie\u00dflich der Befunde sowie besondere Hinweise wie Einschr\u00e4nkungen usw. sind schriftlich zu dokumentieren<\/li>\n<\/ul>\n\n\n\n<p>\u200b<\/p>\n\n\n\n<p><strong><span style=\"text-decoration: underline;\">\u200bWas erwartet Dich:<\/span><\/strong><\/p>\n\n\n\n<ul class=\"wp-block-list\">\n<li>nette Zusammenarbeit mit den \u00dcbungsleitern<\/li>\n\n\n\n<li>steuerfreie Aufwandsentsch\u00e4digung<\/li>\n\n\n\n<li>kostenfreie Teilnahme an den Trainingseinheiten (Hallentraining, Ergometer- und Krafttraining)<\/li>\n\n\n\n<li>Du bist ein tragender Teil der Herzsportgruppe und machst diese in Zusammenarbeit den \u00dcbungsleiter\/innen erst m\u00f6glich&nbsp;<\/li>\n\n\n\n<li>positive Erlebnisse live vor Ort<\/li>\n<\/ul>\n\n\n\n<p><\/p>\n\n\n\n<p><strong><span style=\"text-decoration: underline;\">Bei Interesse melde Dich bitte bei:<\/span><\/strong><\/p>\n\n\n\n<p>\u200bDr. Udo Woelki<\/p>\n\n\n\n<p>Telefon: 0172-8004647<\/p>\n\n\n\n<p>Erreichbarkeit: Mo &#8211; Fr. 17:30 &#8211; 18 Uhr<\/p>\n\n\n\n<p>\u200b<\/p>\n\n\n\n<p>Wir freuen uns auf Dich!<\/p>\n","protected":false},"excerpt":{"rendered":"<p>In unseren Reha-Herzsportgruppen der Deutschen Sporthochschule ist grunds\u00e4tzlich die st\u00e4ndige, pers\u00f6nliche Anwesenheit eines betreuenden Arztes bzw. einer \u00c4rztin w\u00e4hrend der \u00dcbungsveranstaltungen zwingend erforderlich.&nbsp; Dein Profil lt. BAR (Bundesarbeitsgemeinschaft f\u00fcr Rehabilitation): Deine Aufgaben sind unter Anderem: \u200b \u200bWas erwartet Dich: Bei Interesse melde Dich bitte bei: \u200bDr. Udo Woelki Telefon: 0172-8004647 Erreichbarkeit: Mo &#8211; Fr. 17:30 &hellip; <\/p>\n<p class=\"link-more\"><a href=\"https:\/\/dshs-herzsportgruppe.de\/?page_id=73\" class=\"more-link\">Mehr <span class=\"screen-reader-text\">\u00fcber &#8222;\u00c4rztliche Betreuung f\u00fcr unsere Reha-Herzsportgruppen gesucht!&#8220; <\/span>Lesen<\/a><\/p>\n","protected":false},"author":3,"featured_media":0,"parent":0,"menu_order":4,"comment_status":"closed","ping_status":"closed","template":"","meta":{"om_disable_all_campaigns":false,"_monsterinsights_skip_tracking":false,"_monsterinsights_sitenote_active":false,"_monsterinsights_sitenote_note":"","_monsterinsights_sitenote_category":0,"_inspiro_hide_title":false,"footnotes":""},"class_list":["post-73","page","type-page","status-publish","hentry"],"aioseo_notices":[],"_links":{"self":[{"href":"https:\/\/dshs-herzsportgruppe.de\/index.php?rest_route=\/wp\/v2\/pages\/73","targetHints":{"allow":["GET"]}}],"collection":[{"href":"https:\/\/dshs-herzsportgruppe.de\/index.php?rest_route=\/wp\/v2\/pages"}],"about":[{"href":"https:\/\/dshs-herzsportgruppe.de\/index.php?rest_route=\/wp\/v2\/types\/page"}],"author":[{"embeddable":true,"href":"https:\/\/dshs-herzsportgruppe.de\/index.php?rest_route=\/wp\/v2\/users\/3"}],"replies":[{"embeddable":true,"href":"https:\/\/dshs-herzsportgruppe.de\/index.php?rest_route=%2Fwp%2Fv2%2Fcomments&post=73"}],"version-history":[{"count":11,"href":"https:\/\/dshs-herzsportgruppe.de\/index.php?rest_route=\/wp\/v2\/pages\/73\/revisions"}],"predecessor-version":[{"id":132,"href":"https:\/\/dshs-herzsportgruppe.de\/index.php?rest_route=\/wp\/v2\/pages\/73\/revisions\/132"}],"wp:attachment":[{"href":"https:\/\/dshs-herzsportgruppe.de\/index.php?rest_route=%2Fwp%2Fv2%2Fmedia&parent=73"}],"curies":[{"name":"wp","href":"https:\/\/api.w.org\/{rel}","templated":true}]}}