{"id":71,"date":"2026-03-17T20:30:49","date_gmt":"2026-03-17T20:30:49","guid":{"rendered":"https:\/\/dshs-herzsportgruppe.de\/?page_id=71"},"modified":"2026-04-18T19:01:47","modified_gmt":"2026-04-18T19:01:47","slug":"uebungsleiter-gesucht","status":"publish","type":"page","link":"https:\/\/dshs-herzsportgruppe.de\/?page_id=71","title":{"rendered":"\u00dcbungsleiter gesucht!"},"content":{"rendered":"\n<p><strong><span style=\"text-decoration: underline;\">Wir suchen Dich!<\/span><\/strong><\/p>\n\n\n\n<p>Der zertifizierte Rehabilitationsverein DSHS Herzgruppen e.V. sucht ab sofort eine\/n qualifizierte\/n \u00dcbungsleiter\/in f\u00fcr seine Herzsportgruppen.<\/p>\n\n\n\n<p>Herzsportgruppen als ambulante Reha-Nachsorge verbinden Spa\u00df an der Bewegung mit sportlichen, medizinischen, psychologischen und sozialen Aspekten. Ziel ist es, die Ausdauerleistungsf\u00e4higkeit, die Kraftf\u00e4higkeit, die Beweglichkeit und die Koordination der Teilnehmer\/innen zu verbessern.&nbsp;<\/p>\n\n\n\n<p>Zudem werden das Selbstbewusstsein und auch das Selbstvertrauen gest\u00e4rkt und Betroffene erhalten Hilfe zur Selbsthilfe \u2013 um damit nicht zuletzt das Wohlbefinden und die Lebensqualit\u00e4t zu steigern.<\/p>\n\n\n\n<p>\u200b<\/p>\n\n\n\n<p>In 24 verschiedenen Trainingsgruppen bietet der Verein DSHS Herzgruppen e.V. Sport- und<\/p>\n\n\n\n<p>Bewegungstherapie in den R\u00e4umlichkeiten der Deutschen Sporthochschule K\u00f6ln an. Das Angebot richtet sich an Patienten\/-innen mit Herz-Kreislauferkrankungen. Es wird sowohl in der Halle, als auch in unserem Trainingsraum am Institut f\u00fcr Kreislaufforschung und Sportmedizin der DSHS trainiert.<\/p>\n\n\n\n<p>\u200b<\/p>\n\n\n\n<p><strong><span style=\"text-decoration: underline;\">Was erwartet Dich:<\/span><\/strong><\/p>\n\n\n\n<p>\u200b<\/p>\n\n\n\n<ul class=\"wp-block-list\">\n<li>junges dynamisches Team<\/li>\n\n\n\n<li>Eigenverantwortliche Betreuung der Rehabilitationskurse von 60 bzw. 90 Minuten in unseremTrainingsraum am Institut f\u00fcr Kreislaufforschung und Sportmedizin bzw. den Hallen der\u00a0Deutschen Sporthochschule K\u00f6ln (DSHS)<\/li>\n\n\n\n<li>dazu geh\u00f6rt die\u00a0Verwaltung der Teilnehmerdaten (Kontrolle der Anwesenheitslisten, Patientendokumente z.B. Arztbriefe und Aktualisierung der Patientenkontakte)<\/li>\n\n\n\n<li>Kurszeiten (Einzelkurse oder Kursbl\u00f6cke) nachVereinbarung<\/li>\n\n\n\n<li>Angemessene Verg\u00fctung auf Honorarbasis<\/li>\n<\/ul>\n\n\n\n<p>\u200b<\/p>\n\n\n\n<p>\u200b<\/p>\n\n\n\n<p><strong><span style=\"text-decoration: underline;\">Dein Profil:<\/span><\/strong><\/p>\n\n\n\n<p>\u200b\u200b\u200b<\/p>\n\n\n\n<ul class=\"wp-block-list\">\n<li>es liegt eine g\u00fcltige Lizenz f\u00fcr den Herzsport \u00dcL-B Innere Medizin vor<\/li>\n\n\n\n<li>Nach erfolgreicher Absolvierung von SGP 10.4a und\/ oder RGM 7 \u201eInnere Medizin\u201c ist eine\u00a0Beantragung der entsprechenden Lizenz m\u00f6glich. Bei der Beantragung unterst\u00fctzen wir gerne!<\/li>\n\n\n\n<li>Kollegiale Pers\u00f6nlichkeit mit Empathie und einer patientenorientierten Sichtweise<\/li>\n\n\n\n<li>Verschwiegenheit und Ehrenkodex<\/li>\n<\/ul>\n\n\n\n<p>\u200b<\/p>\n\n\n\n<p>\u200b<\/p>\n\n\n\n<p>Haben wir Dein&nbsp;Interesse geweckt, dann&nbsp;melde Dich&nbsp;gerne bei uns&nbsp;\u2014&gt; LINK&nbsp;<a>Kontaktdaten<\/a><\/p>\n\n\n\n<p>\u200b<\/p>\n\n\n\n<p>Wir freuen uns auf Dich!<\/p>\n","protected":false},"excerpt":{"rendered":"<p>Wir suchen Dich! Der zertifizierte Rehabilitationsverein DSHS Herzgruppen e.V. sucht ab sofort eine\/n qualifizierte\/n \u00dcbungsleiter\/in f\u00fcr seine Herzsportgruppen. Herzsportgruppen als ambulante Reha-Nachsorge verbinden Spa\u00df an der Bewegung mit sportlichen, medizinischen, psychologischen und sozialen Aspekten. Ziel ist es, die Ausdauerleistungsf\u00e4higkeit, die Kraftf\u00e4higkeit, die Beweglichkeit und die Koordination der Teilnehmer\/innen zu verbessern.&nbsp; Zudem werden das Selbstbewusstsein und &hellip; <\/p>\n<p class=\"link-more\"><a href=\"https:\/\/dshs-herzsportgruppe.de\/?page_id=71\" class=\"more-link\">Mehr <span class=\"screen-reader-text\">\u00fcber &#8222;\u00dcbungsleiter gesucht!&#8220; <\/span>Lesen<\/a><\/p>\n","protected":false},"author":3,"featured_media":0,"parent":0,"menu_order":5,"comment_status":"closed","ping_status":"closed","template":"","meta":{"om_disable_all_campaigns":false,"_monsterinsights_skip_tracking":false,"_monsterinsights_sitenote_active":false,"_monsterinsights_sitenote_note":"","_monsterinsights_sitenote_category":0,"_inspiro_hide_title":false,"footnotes":""},"class_list":["post-71","page","type-page","status-publish","hentry"],"aioseo_notices":[],"_links":{"self":[{"href":"https:\/\/dshs-herzsportgruppe.de\/index.php?rest_route=\/wp\/v2\/pages\/71","targetHints":{"allow":["GET"]}}],"collection":[{"href":"https:\/\/dshs-herzsportgruppe.de\/index.php?rest_route=\/wp\/v2\/pages"}],"about":[{"href":"https:\/\/dshs-herzsportgruppe.de\/index.php?rest_route=\/wp\/v2\/types\/page"}],"author":[{"embeddable":true,"href":"https:\/\/dshs-herzsportgruppe.de\/index.php?rest_route=\/wp\/v2\/users\/3"}],"replies":[{"embeddable":true,"href":"https:\/\/dshs-herzsportgruppe.de\/index.php?rest_route=%2Fwp%2Fv2%2Fcomments&post=71"}],"version-history":[{"count":1,"href":"https:\/\/dshs-herzsportgruppe.de\/index.php?rest_route=\/wp\/v2\/pages\/71\/revisions"}],"predecessor-version":[{"id":72,"href":"https:\/\/dshs-herzsportgruppe.de\/index.php?rest_route=\/wp\/v2\/pages\/71\/revisions\/72"}],"wp:attachment":[{"href":"https:\/\/dshs-herzsportgruppe.de\/index.php?rest_route=%2Fwp%2Fv2%2Fmedia&parent=71"}],"curies":[{"name":"wp","href":"https:\/\/api.w.org\/{rel}","templated":true}]}}