{"id":64,"date":"2026-03-17T20:29:57","date_gmt":"2026-03-17T20:29:57","guid":{"rendered":"https:\/\/dshs-herzsportgruppe.de\/?page_id=64"},"modified":"2026-04-18T19:01:23","modified_gmt":"2026-04-18T19:01:23","slug":"ueber-uns-der-verein","status":"publish","type":"page","link":"https:\/\/dshs-herzsportgruppe.de\/?page_id=64","title":{"rendered":"\u00dcber uns, der Verein"},"content":{"rendered":"\n<p>Sogenannte Koronorasportgruppen gab es schon seit 1974 an der Deutschen Sporthochschule (DSHS) in K\u00f6ln. Diese wurden unter F\u00fchrung des LSB (Landessportbund NRW) durchgef\u00fchrt. Unter Leitung der Professoren Hollmann und Rost wurde dieses &#8222;K\u00f6lner Modell&#8220; bald zum Standard.<\/p>\n\n\n\n<p>Link&nbsp;\u2014&gt;&nbsp;<a href=\"https:\/\/www.dshs-koeln.de\">DSHS<\/a><\/p>\n\n\n\n<p>Link&nbsp;\u2014&gt;&nbsp;<a href=\"https:\/\/www.lsb.nrw\">LS<\/a><a>B<\/a><\/p>\n\n\n\n<p>Anfang 2017 \u00e4nderten sich die Rahmenbedingungen.&nbsp;<\/p>\n\n\n\n<p>Es gr\u00fcndete sich der Verein DSHS Herzgruppen e.V., der damit alle Aktivit\u00e4ten in diesem Bereich \u00fcbernahm. Zwischen der Deutschen Sporthochschule und dem Verein existiert ein Kooperationsvertrag, so dass auch heute noch der Verein mit der Spoho kooperiert und daher auch deren R\u00e4umlichkeiten nutzen darf.<\/p>\n\n\n\n<p>Der Verein besteht seit 01.07.2017; er wurde beim Amtsgericht (Registerblatt: VR19348) eingetragen und erlangte die Gemeinn\u00fctzigkeit iS der Steuergesetze in 2023.&nbsp;\u200b<\/p>\n\n\n\n<p>Aktuell geh\u00f6ren dem Verein ca. 230 Mitglieder an.<\/p>\n\n\n\n<p>Wir bieten an: Ergometer-\/ Krafttraining mit maximal je 12 Teilnehmern sowie Hallentraining in 6 Gruppen mit maximal je&nbsp;<\/p>\n\n\n\n<p>20 Teilnehmern.&nbsp;<\/p>\n\n\n\n<p>\u200b<\/p>\n\n\n\n<p>Alle angebotenen Kurse werden von ausgebildeten und lizenzierten \u00dcbungsleitern\/innen durchgef\u00fchrt und kontinuierlich \u00e4rztlich \u00fcberwacht. Sie finden in verschiedenen Sporthallen sowie im Ergometertrainingsraum der Deutschen Sporthochschule (Spoho) statt. Zur Orientierung ist ein Lageplan \u00fcber die Geb\u00e4ude der Spoho beigef\u00fcgt Link&nbsp;\u2014&gt;&nbsp;<a>Lageplan<\/a><\/p>\n\n\n\n<p>Der Verein ist Mitglied im Landessportbund sowie im BRSNW (Bundesverband Behinderten- und Sportrehabilitation Nordrhein-Westfalen e.V.) und richtet seine Kurse nach den Qualit\u00e4tskriterien dieser Verb\u00e4nde und der Rahmenvereinbarung Rehabilitationssport und Funktionstraining der BAR (Bundesarbeitsgemeinschaft Rehabilitation) aus.&nbsp;<\/p>\n\n\n\n<p>Link&nbsp;\u2014&gt;&nbsp;<a>BR<\/a><a href=\"https:\/\/www.brsnw.de\">SNW<\/a><\/p>\n\n\n\n<p>Link \u2014&gt;&nbsp;<a href=\"https:\/\/www.bar-frankfurt.de\/index.html\">BAR<\/a><\/p>\n\n\n\n<p>Gerne beraten wir interessierte Menschen \u00fcber unsere Angebote &#8211; schreiben sie uns oder rufen sie eines unserer Vorstandsmitglieder an.&nbsp;<\/p>\n\n\n\n<p>Kontaktdaten finden sie nachstehend. Link&nbsp;\u2014&gt;&nbsp;<a href=\"https:\/\/dshs-herzsportgruppe.de\/?page_id=66\" data-type=\"page\" data-id=\"66\">Kontakt<\/a><\/p>\n\n\n\n<p>Download &#8211;> <a href=\"https:\/\/dshs-herzsportgruppe.de\/wp-content\/uploads\/2026\/03\/Vereinssatzung.pdf\" data-type=\"attachment\" data-id=\"36\">Vereinssatzung<\/a><\/p>\n\n\n\n<p><\/p>\n","protected":false},"excerpt":{"rendered":"<p>Sogenannte Koronorasportgruppen gab es schon seit 1974 an der Deutschen Sporthochschule (DSHS) in K\u00f6ln. Diese wurden unter F\u00fchrung des LSB (Landessportbund NRW) durchgef\u00fchrt. Unter Leitung der Professoren Hollmann und Rost wurde dieses &#8222;K\u00f6lner Modell&#8220; bald zum Standard. Link&nbsp;\u2014&gt;&nbsp;DSHS Link&nbsp;\u2014&gt;&nbsp;LSB Anfang 2017 \u00e4nderten sich die Rahmenbedingungen.&nbsp; Es gr\u00fcndete sich der Verein DSHS Herzgruppen e.V., der damit &hellip; <\/p>\n<p class=\"link-more\"><a href=\"https:\/\/dshs-herzsportgruppe.de\/?page_id=64\" class=\"more-link\">Mehr <span class=\"screen-reader-text\">\u00fcber &#8222;\u00dcber uns, der Verein&#8220; <\/span>Lesen<\/a><\/p>\n","protected":false},"author":3,"featured_media":0,"parent":0,"menu_order":3,"comment_status":"closed","ping_status":"closed","template":"","meta":{"om_disable_all_campaigns":false,"_monsterinsights_skip_tracking":false,"_monsterinsights_sitenote_active":false,"_monsterinsights_sitenote_note":"","_monsterinsights_sitenote_category":0,"_inspiro_hide_title":false,"footnotes":""},"class_list":["post-64","page","type-page","status-publish","hentry"],"aioseo_notices":[],"_links":{"self":[{"href":"https:\/\/dshs-herzsportgruppe.de\/index.php?rest_route=\/wp\/v2\/pages\/64","targetHints":{"allow":["GET"]}}],"collection":[{"href":"https:\/\/dshs-herzsportgruppe.de\/index.php?rest_route=\/wp\/v2\/pages"}],"about":[{"href":"https:\/\/dshs-herzsportgruppe.de\/index.php?rest_route=\/wp\/v2\/types\/page"}],"author":[{"embeddable":true,"href":"https:\/\/dshs-herzsportgruppe.de\/index.php?rest_route=\/wp\/v2\/users\/3"}],"replies":[{"embeddable":true,"href":"https:\/\/dshs-herzsportgruppe.de\/index.php?rest_route=%2Fwp%2Fv2%2Fcomments&post=64"}],"version-history":[{"count":3,"href":"https:\/\/dshs-herzsportgruppe.de\/index.php?rest_route=\/wp\/v2\/pages\/64\/revisions"}],"predecessor-version":[{"id":102,"href":"https:\/\/dshs-herzsportgruppe.de\/index.php?rest_route=\/wp\/v2\/pages\/64\/revisions\/102"}],"wp:attachment":[{"href":"https:\/\/dshs-herzsportgruppe.de\/index.php?rest_route=%2Fwp%2Fv2%2Fmedia&parent=64"}],"curies":[{"name":"wp","href":"https:\/\/api.w.org\/{rel}","templated":true}]}}